{"id":28,"date":"2020-06-19T07:00:12","date_gmt":"2020-06-19T07:00:12","guid":{"rendered":"https:\/\/estudidemusica.cat\/?page_id=28"},"modified":"2020-06-19T07:00:12","modified_gmt":"2020-06-19T07:00:12","slug":"alumnos","status":"publish","type":"page","link":"https:\/\/estudidemusica.cat\/es\/alumnos\/","title":{"rendered":"Alumnos"},"content":{"rendered":"","protected":false},"excerpt":{"rendered":"","protected":false},"author":1,"featured_media":0,"parent":0,"menu_order":0,"comment_status":"closed","ping_status":"closed","template":"","meta":{"_et_pb_use_builder":"on","_et_pb_old_content":"<!-- wp:divi\/placeholder \/-->","_et_gb_content_width":"","footnotes":""},"class_list":["post-28","page","type-page","status-publish","hentry"],"yoast_head":"<!-- This site is optimized with the Yoast SEO plugin v27.4 - https:\/\/yoast.com\/product\/yoast-seo-wordpress\/ -->\n<title>Alumnos -Escuela de m\u00fasica en Tarragona | de experiencia<\/title>\n<meta name=\"description\" content=\"L&#039;Estudi - Escuela de m\u00fasica en Tarragona - educaci\u00f3n integral en m\u00fasica cl\u00e1sica y moderna en variedad de instrumentos y estilos de m\u00fasica.\" \/>\n<meta name=\"robots\" content=\"index, follow, max-snippet:-1, max-image-preview:large, max-video-preview:-1\" \/>\n<link rel=\"canonical\" href=\"https:\/\/estudidemusica.cat\/es\/alumnos\/\" \/>\n<meta property=\"og:locale\" content=\"es_ES\" \/>\n<meta property=\"og:type\" content=\"article\" \/>\n<meta property=\"og:title\" content=\"Alumnos -Escuela de m\u00fasica en Tarragona | de experiencia\" \/>\n<meta property=\"og:description\" content=\"L&#039;Estudi - Escuela de m\u00fasica en Tarragona - educaci\u00f3n integral en m\u00fasica cl\u00e1sica y moderna en variedad de instrumentos y estilos de m\u00fasica.\" \/>\n<meta property=\"og:url\" content=\"https:\/\/estudidemusica.cat\/es\/alumnos\/\" \/>\n<meta property=\"og:site_name\" content=\"Estudi de musica\" \/>\n<meta name=\"twitter:card\" content=\"summary_large_image\" \/>\n<script type=\"application\/ld+json\" class=\"yoast-schema-graph\">{\"@context\":\"https:\\\/\\\/schema.org\",\"@graph\":[{\"@type\":\"WebPage\",\"@id\":\"https:\\\/\\\/estudidemusica.cat\\\/alumnos\\\/\",\"url\":\"https:\\\/\\\/estudidemusica.cat\\\/alumnos\\\/\",\"name\":\"Alumnos -Escuela de m\u00fasica en Tarragona | de experiencia\",\"isPartOf\":{\"@id\":\"https:\\\/\\\/estudidemusica.cat\\\/#website\"},\"datePublished\":\"2020-06-19T07:00:12+00:00\",\"description\":\"L'Estudi - Escuela de m\u00fasica en Tarragona - educaci\u00f3n integral en m\u00fasica cl\u00e1sica y moderna en variedad de instrumentos y estilos de m\u00fasica.\",\"breadcrumb\":{\"@id\":\"https:\\\/\\\/estudidemusica.cat\\\/alumnos\\\/#breadcrumb\"},\"inLanguage\":\"es\",\"potentialAction\":[{\"@type\":\"ReadAction\",\"target\":[\"https:\\\/\\\/estudidemusica.cat\\\/alumnos\\\/\"]}]},{\"@type\":\"BreadcrumbList\",\"@id\":\"https:\\\/\\\/estudidemusica.cat\\\/alumnos\\\/#breadcrumb\",\"itemListElement\":[{\"@type\":\"ListItem\",\"position\":1,\"name\":\"Inici\",\"item\":\"https:\\\/\\\/estudidemusica.cat\\\/\"},{\"@type\":\"ListItem\",\"position\":2,\"name\":\"Alumnos\"}]},{\"@type\":\"WebSite\",\"@id\":\"https:\\\/\\\/estudidemusica.cat\\\/#website\",\"url\":\"https:\\\/\\\/estudidemusica.cat\\\/\",\"name\":\"Estudi de musica\",\"description\":\"Escola de m\u00fasica de tarragona amb m\u00e9s de 25 anys, autoritzada per la Generalitat.\",\"potentialAction\":[{\"@type\":\"SearchAction\",\"target\":{\"@type\":\"EntryPoint\",\"urlTemplate\":\"https:\\\/\\\/estudidemusica.cat\\\/?s={search_term_string}\"},\"query-input\":{\"@type\":\"PropertyValueSpecification\",\"valueRequired\":true,\"valueName\":\"search_term_string\"}}],\"inLanguage\":\"es\"}]}<\/script>\n<!-- \/ Yoast SEO plugin. -->","yoast_head_json":{"title":"Alumnos -Escuela de m\u00fasica en Tarragona | de experiencia","description":"L'Estudi - Escuela de m\u00fasica en Tarragona - educaci\u00f3n integral en m\u00fasica cl\u00e1sica y moderna en variedad de instrumentos y estilos de m\u00fasica.","robots":{"index":"index","follow":"follow","max-snippet":"max-snippet:-1","max-image-preview":"max-image-preview:large","max-video-preview":"max-video-preview:-1"},"canonical":"https:\/\/estudidemusica.cat\/es\/alumnos\/","og_locale":"es_ES","og_type":"article","og_title":"Alumnos -Escuela de m\u00fasica en Tarragona | de experiencia","og_description":"L'Estudi - Escuela de m\u00fasica en Tarragona - educaci\u00f3n integral en m\u00fasica cl\u00e1sica y moderna en variedad de instrumentos y estilos de m\u00fasica.","og_url":"https:\/\/estudidemusica.cat\/es\/alumnos\/","og_site_name":"Estudi de musica","twitter_card":"summary_large_image","schema":{"@context":"https:\/\/schema.org","@graph":[{"@type":"WebPage","@id":"https:\/\/estudidemusica.cat\/alumnos\/","url":"https:\/\/estudidemusica.cat\/alumnos\/","name":"Alumnos -Escuela de m\u00fasica en Tarragona | de experiencia","isPartOf":{"@id":"https:\/\/estudidemusica.cat\/#website"},"datePublished":"2020-06-19T07:00:12+00:00","description":"L'Estudi - Escuela de m\u00fasica en Tarragona - educaci\u00f3n integral en m\u00fasica cl\u00e1sica y moderna en variedad de instrumentos y estilos de m\u00fasica.","breadcrumb":{"@id":"https:\/\/estudidemusica.cat\/alumnos\/#breadcrumb"},"inLanguage":"es","potentialAction":[{"@type":"ReadAction","target":["https:\/\/estudidemusica.cat\/alumnos\/"]}]},{"@type":"BreadcrumbList","@id":"https:\/\/estudidemusica.cat\/alumnos\/#breadcrumb","itemListElement":[{"@type":"ListItem","position":1,"name":"Inici","item":"https:\/\/estudidemusica.cat\/"},{"@type":"ListItem","position":2,"name":"Alumnos"}]},{"@type":"WebSite","@id":"https:\/\/estudidemusica.cat\/#website","url":"https:\/\/estudidemusica.cat\/","name":"Estudi de musica","description":"Escola de m\u00fasica de tarragona amb m\u00e9s de 25 anys, autoritzada per la Generalitat.","potentialAction":[{"@type":"SearchAction","target":{"@type":"EntryPoint","urlTemplate":"https:\/\/estudidemusica.cat\/?s={search_term_string}"},"query-input":{"@type":"PropertyValueSpecification","valueRequired":true,"valueName":"search_term_string"}}],"inLanguage":"es"}]}},"_links":{"self":[{"href":"https:\/\/estudidemusica.cat\/es\/wp-json\/wp\/v2\/pages\/28","targetHints":{"allow":["GET"]}}],"collection":[{"href":"https:\/\/estudidemusica.cat\/es\/wp-json\/wp\/v2\/pages"}],"about":[{"href":"https:\/\/estudidemusica.cat\/es\/wp-json\/wp\/v2\/types\/page"}],"author":[{"embeddable":true,"href":"https:\/\/estudidemusica.cat\/es\/wp-json\/wp\/v2\/users\/1"}],"replies":[{"embeddable":true,"href":"https:\/\/estudidemusica.cat\/es\/wp-json\/wp\/v2\/comments?post=28"}],"version-history":[{"count":1,"href":"https:\/\/estudidemusica.cat\/es\/wp-json\/wp\/v2\/pages\/28\/revisions"}],"predecessor-version":[{"id":39,"href":"https:\/\/estudidemusica.cat\/es\/wp-json\/wp\/v2\/pages\/28\/revisions\/39"}],"wp:attachment":[{"href":"https:\/\/estudidemusica.cat\/es\/wp-json\/wp\/v2\/media?parent=28"}],"curies":[{"name":"wp","href":"https:\/\/api.w.org\/{rel}","templated":true}]}}